{"id":3483,"date":"2022-09-02T11:27:01","date_gmt":"2022-09-02T11:27:01","guid":{"rendered":"https:\/\/eventsmtb.com\/map\/"},"modified":"2024-07-23T16:09:12","modified_gmt":"2024-07-23T16:09:12","slug":"map","status":"publish","type":"page","link":"https:\/\/eventsmtb.com\/en\/map\/","title":{"rendered":"Map"},"content":{"rendered":"\t\t<div data-elementor-type=\"wp-page\" data-elementor-id=\"3483\" class=\"elementor elementor-3483 elementor-402\" data-elementor-post-type=\"page\">\n\t\t\t\t\t\t<section class=\"elementor-section elementor-top-section elementor-element elementor-element-b41c2b0 elementor-section-full_width elementor-section-height-default elementor-section-height-default\" data-id=\"b41c2b0\" data-element_type=\"section\">\n\t\t\t\t\t\t<div class=\"elementor-container elementor-column-gap-default\">\n\t\t\t\t\t<div class=\"elementor-column elementor-col-100 elementor-top-column elementor-element elementor-element-f5aa4ab\" data-id=\"f5aa4ab\" data-element_type=\"column\">\n\t\t\t<div class=\"elementor-widget-wrap elementor-element-populated\">\n\t\t\t\t\t\t<div class=\"elementor-element elementor-element-6a0cea5 elementor-widget elementor-widget-el_search_map\" data-id=\"6a0cea5\" data-element_type=\"widget\" data-widget_type=\"el_search_map.default\">\n\t\t\t\t<div class=\"elementor-widget-container\">\n\t\t\t\t\t\n<div class=\"elementor_search_map\">\n\t\n\t<div class=\"el_search_filters wrap_search_map\">\n\n\t\t\t\t\t<div class=\"toggle_wrap\">\n\t\t\t\t<span data-value=\"result_search\" class=\"active\">Results<\/span>\n\t\t\t\t<span data-value=\"show_map\">Map<\/span>\n\t\t\t<\/div>\n\t\t\n\t\t<div class=\"wrap_search\">\n\n\t\t\t<div id=\"result_search\" class=\"job_listings_search\" style=\"\">\n\n\t\t\t\t\t\t\t\t\t<span class=\"toggle_filters \">\n\t\t\t\t\t\tToggle Filters\t\t\t\t\t\t<i class=\"icon_down arrow_triangle-down\"><\/i>\n\t\t\t\t\t\t<i class=\"icon_up arrow_triangle-up\"><\/i>\n\t\t\t\t\t<\/span>\n\n\t\t\t\t\t<form class=\"job_filters\" autocomplete=\"off\" autocorrect=\"off\" autocapitalize=\"none\">\n\t\t\t\t\t\t<div class=\"search_jobs\">\n\t\t\t\t\t\t\t\t\t\t\t\t\t\t\t\t\t<div class=\"label_search wrap_search_keywords\">\n\t\t\t\t\t\t\t\t\t\t\t<input type=\"text\" name=\"keywords\" autocomplete=\"off\" autocorrect=\"off\" autocapitalize=\"none\" placeholder=\"What are you looking for?\" value=\"\"\/>\n\t\t\t\t\t\t\t\t\t\t<\/div>\n\t\t\t\t\t\t\t\t\t\t\t\t\t\t\t\t\t\t\t\t<div class=\"label_search wrap_search_location\">\n\n\t\t\t\t\t\t\t\t\t\t\t<input type=\"hidden\" name=\"map_lat\" id=\"map_lat\" value=\"\" autocomplete=\"off\" autocorrect=\"off\" autocapitalize=\"none\"\/>\n\t\t\t\t\t\t\t\t\t\t\t<input type=\"hidden\" name=\"map_lng\" id=\"map_lng\" value=\"\" autocomplete=\"off\" autocorrect=\"off\" autocapitalize=\"none\"\/>\n\n\t\t\t\t\t\t\t\t\t\t\t<input type=\"text\" id=\"pac-input\" name=\"map_address\" value=\"\" class=\"controls\" placeholder=\"Location\" autocomplete=\"off\" autocorrect=\"off\" autocapitalize=\"none\" \/>\n\t\t\t\t\t\t\t\t\t\t\t<i class=\"locate-me icon_circle-slelected\" id=\"locate-me\" data-tippy-content=\"Find my location\"><\/i>\n\n\n\t\t\t\t\t\t\t\t\t\t\t<div id=\"infowindow-content\">\n\t\t\t\t\t\t\t\t\t\t\t\t<span id=\"place-name\" class=\"title\"><\/span>\n\t\t\t\t\t\t\t\t\t\t\t\t<span id=\"place-address\"><\/span>\n\t\t\t\t\t\t\t\t\t\t\t<\/div>\n\n\t\t\t\t\t\t\t\t\t\t\t<input type=\"hidden\" value=\"\" name=\"map_name\" id=\"map_name\"  autocomplete=\"off\" autocorrect=\"off\" autocapitalize=\"none\"\/>\n\t\t\t\t\t\t\t\t\t\t<\/div>\n\t\t\t\t\t\t\t\t\t\t\t\t\t\t\t\t\t\t\t\t<div class=\"label_search wrap_search_cat\">\n\t\t\t\t\t\t\t\t\t\t\t<select required name='cat' id='cat' class='postform' >\n\t<option value='' selected='selected'>Select Category<\/option>\n\t<option class=\"level-0\" value=\"bmx\">BMX<\/option>\n\t<option class=\"level-0\" value=\"downhill\">Downhill<\/option>\n\t<option class=\"level-0\" value=\"enduro\">Enduro<\/option>\n\t<option class=\"level-0\" value=\"eventos-passeios\">Eventos \/ Passeios<\/option>\n\t<option class=\"level-0\" value=\"orientacao-em-btt\">Orienta\u00e7\u00e3o em BTT<\/option>\n\t<option class=\"level-0\" value=\"orientacao-por-gps\">Orienta\u00e7\u00e3o por GPS<\/option>\n\t<option class=\"level-0\" value=\"xc-maratonas\">XC \/ Maratonas<\/option>\n<\/select>\n\t\t\t\t\t\t\t\t\t\t<\/div>\n\t\t\t\t\t\t\t\t\t\t\t\t\t\t\t\t\t\t\t\t<div class=\"label_search wrap_search_time\">\n\t\t\t\t\t\t\t\t\t\t\t<select name=\"time\">\n\t\t\t\t\t\t\t\t\t\t\t\t<option value=\"\" >All Time<\/option>\n\t\t\t\t\t\t\t\t\t\t\t\t<option value=\"today\"  >Today<\/option>\n\t\t\t\t\t\t\t\t\t\t\t\t<option value=\"tomorrow\"  >Tomorrow<\/option>\n\t\t\t\t\t\t\t\t\t\t\t\t<option value=\"this_week\"  >This Week<\/option>\n\t\t\t\t\t\t\t\t\t\t\t\t<option value=\"this_week_end\"  >This Weekend<\/option>\n\t\t\t\t\t\t\t\t\t\t\t\t<option value=\"next_week\"  >Next Week<\/option>\n\t\t\t\t\t\t\t\t\t\t\t\t<option value=\"next_month\"  >Next Month<\/option>\n\t\t\t\t\t\t\t\t\t\t\t<\/select>\n\t\t\t\t\t\t\t\t\t\t<\/div>\n\t\t\t\t\t\t\t\t\t\t\t\t\t\t\t\t\t\t\t\t<div class=\"label_search wrap_search_start_date\">\n\t\t\t\t\t\t\t\t\t\t\t<input type=\"text\" class=\"el_select_date\" placeholder=\"Start date ...\" name=\"start_date\" value=\"\" data-format=\"dd-mm-yy\" data-firstday=\"1\" autocomplete=\"off\" autocorrect=\"off\" autocapitalize=\"none\" \/>\n\t\t\t\t\t\t\t\t\t\t<\/div>\n\t\t\t\t\t\t\t\t\t\t\t\t\t\t\t\t\t\t\t\t<div class=\"label_search wrap_search_end_date\">\n\t\t\t\t\t\t\t\t\t\t\t<input type=\"text\" class=\"el_select_date\" placeholder=\"End date ...\" name=\"end_date\" value=\"\" data-format=\"dd-mm-yy\" data-firstday=\"1\" autocomplete=\"off\" autocorrect=\"off\" autocapitalize=\"none\" \/>\n\t\t\t\t\t\t\t\t\t\t<\/div>\n\t\t\t\t\t\t\t\t\t\t\n\t\t\t\t\t\t\t\n\n\t\t\t\t\t\t\t<input type=\"hidden\" id=\"el_search_map_list_taxonomy\" value=\"[]\" >\n\t\t\t\t\t\t\t<input type=\"hidden\" id=\"data_taxonomy_custom\" value=\"[]\" >\n\t\t\t\t\t\t<\/div>\n\n\t\t\t\t\t\t<div class=\"wrap_search_radius\">\n\t\t\t\t\t\t\t<span>Radius:<\/span>\n\t\t\t\t\t\t\t<span class=\"result_radius\">50 km<\/span>\n\t\t\t\t\t\t\t<div id=\"wrap_pointer\"><\/div>\n\t\t\t\t\t\t\t<input type=\"hidden\" value=\"50\" name=\"radius\" data-radius-unit=\"km\">\n\t\t\t\t\t\t<\/div>\n\n\t\t\t\t\t\t<div class=\"wrap_search_filter_title\">\n\t\t\t\t\t\t\t\n\t\t\t\t\t\t\t<div class=\"listing_found\"><\/div>\n\n\t\t\t\t\t\t\t<div id=\"search_sort\">\n\t\t\t\t\t\t\t\t\t\t\t\t\t\t\t\t\t\t\t\t\t\t\t\t<select name=\"sort\">\n\t\t\t\t\t\t\t\t\t<option value=\"\">Sort By<\/option>\n\t\t\t\t\t\t\t\t\t<option value=\"near\"  >Nearest<\/option>\n\t\t\t\t\t\t\t\t\t<option value=\"date-desc\"  >Newest First<\/option>\n\t\t\t\t\t\t\t\t\t<option value=\"date-asc\"  >Oldest First<\/option>\n\t\t\t\t\t\t\t\t\t<option value=\"start-date\" selected >Start Date<\/option>\n\t\t\t\t\t\t\t\t\t<option value=\"end-date\"  >End Date<\/option>\n\t\t\t\t\t\t\t\t\t<option value=\"a-z\"  >A-Z<\/option>\n\t\t\t\t\t\t\t\t\t<option value=\"z-a\"  >Z-A<\/option>\n\t\t\t\t\t\t\t\t<\/select>\n\t\t\t\t\t\t\t<\/div>\n\t\t\t\t\t\t<\/div>\n\t\t\t\t\t<\/form>\n\t\t\t\t\t\t\t\t<div class=\"wrap_load_more\" style=\"display: none;\">\n\t\t\t\t\t<svg class=\"loader\" width=\"50\" height=\"50\">\n\t\t\t\t\t\t<circle cx=\"25\" cy=\"25\" r=\"10\" stroke=\"#e86c60\"\/>\n\t\t\t\t\t\t<circle cx=\"25\" cy=\"25\" r=\"20\" stroke=\"#e86c60\"\/>\n\t\t\t\t\t<\/svg>\n\t\t\t\t<\/div>\n\n\t\t\t\t<div id=\"search_result\" class=\"search_result search_show_map\" data-type=\"type2\" data-column=\"two-column\" data-zoom=\"4\" data-lat=\"39.177972\" data-lng=\"-100.363750\" data-marker_option=\"icon\" data-marker_icon=\"\"  data-show_featured=\"no\" data-restrictions=\"[]\" data-bound=\"\" data-bound-lat=\"\" data-bound-lng=\"\" data-bound-radius=\"\"><\/div>\n\n\t\t\t<\/div>\n\n\t\t\t\t\t\t<div class=\"wrap_show_map\" style=\"display: block;\" >\n\t\t\t\t<div id=\"show_map\"><\/div>\n\t\t\t<\/div>\n\t\t<\/div>\n\n\t<\/div>\n\n<\/div>\t\t\t\t<\/div>\n\t\t\t\t<\/div>\n\t\t\t\t\t<\/div>\n\t\t<\/div>\n\t\t\t\t\t<\/div>\n\t\t<\/section>\n\t\t\t\t<\/div>\n\t\t","protected":false},"excerpt":{"rendered":"<p>Results Map Toggle Filters Select CategoryBMXDownhillEnduroEventos \/ PasseiosOrienta\u00e7\u00e3o em BTTOrienta\u00e7\u00e3o por GPSXC \/ Maratonas All TimeTodayTomorrowThis WeekThis WeekendNext WeekNext Month Radius: 50km Sort ByNearestNewest FirstOldest FirstStart DateEnd DateA-ZZ-A<\/p>\n","protected":false},"author":1,"featured_media":0,"parent":0,"menu_order":0,"comment_status":"closed","ping_status":"closed","template":"elementor_header_footer","meta":{"footnotes":""},"class_list":["post-3483","page","type-page","status-publish","hentry"],"yoast_head":"<!-- This site is optimized with the Yoast SEO plugin v26.0 - https:\/\/yoast.com\/wordpress\/plugins\/seo\/ -->\n<title>Map - Eventsmtb<\/title>\n<meta name=\"robots\" content=\"index, follow, max-snippet:-1, max-image-preview:large, max-video-preview:-1\" \/>\n<link rel=\"canonical\" href=\"https:\/\/eventsmtb.com\/en\/map\/\" \/>\n<meta property=\"og:locale\" content=\"en_US\" \/>\n<meta property=\"og:type\" content=\"article\" \/>\n<meta property=\"og:title\" content=\"Map - Eventsmtb\" \/>\n<meta property=\"og:description\" content=\"Results Map Toggle Filters Select CategoryBMXDownhillEnduroEventos \/ PasseiosOrienta\u00e7\u00e3o em BTTOrienta\u00e7\u00e3o por GPSXC \/ Maratonas All TimeTodayTomorrowThis WeekThis WeekendNext WeekNext Month Radius: 50km Sort ByNearestNewest FirstOldest FirstStart DateEnd DateA-ZZ-A\" \/>\n<meta property=\"og:url\" content=\"https:\/\/eventsmtb.com\/en\/map\/\" \/>\n<meta property=\"og:site_name\" content=\"Eventsmtb\" \/>\n<meta property=\"article:modified_time\" content=\"2024-07-23T16:09:12+00:00\" \/>\n<meta name=\"twitter:card\" content=\"summary_large_image\" \/>\n<script type=\"application\/ld+json\" class=\"yoast-schema-graph\">{\"@context\":\"https:\/\/schema.org\",\"@graph\":[{\"@type\":\"WebPage\",\"@id\":\"https:\/\/eventsmtb.com\/en\/map\/\",\"url\":\"https:\/\/eventsmtb.com\/en\/map\/\",\"name\":\"Map - Eventsmtb\",\"isPartOf\":{\"@id\":\"https:\/\/eventsmtb.com\/en\/#website\"},\"datePublished\":\"2022-09-02T11:27:01+00:00\",\"dateModified\":\"2024-07-23T16:09:12+00:00\",\"breadcrumb\":{\"@id\":\"https:\/\/eventsmtb.com\/en\/map\/#breadcrumb\"},\"inLanguage\":\"en-US\",\"potentialAction\":[{\"@type\":\"ReadAction\",\"target\":[\"https:\/\/eventsmtb.com\/en\/map\/\"]}]},{\"@type\":\"BreadcrumbList\",\"@id\":\"https:\/\/eventsmtb.com\/en\/map\/#breadcrumb\",\"itemListElement\":[{\"@type\":\"ListItem\",\"position\":1,\"name\":\"In\u00edcio\",\"item\":\"https:\/\/eventsmtb.com\/en\/home\/\"},{\"@type\":\"ListItem\",\"position\":2,\"name\":\"Map\"}]},{\"@type\":\"WebSite\",\"@id\":\"https:\/\/eventsmtb.com\/en\/#website\",\"url\":\"https:\/\/eventsmtb.com\/en\/\",\"name\":\"Eventsmtb\",\"description\":\"\",\"potentialAction\":[{\"@type\":\"SearchAction\",\"target\":{\"@type\":\"EntryPoint\",\"urlTemplate\":\"https:\/\/eventsmtb.com\/en\/?s={search_term_string}\"},\"query-input\":{\"@type\":\"PropertyValueSpecification\",\"valueRequired\":true,\"valueName\":\"search_term_string\"}}],\"inLanguage\":\"en-US\"}]}<\/script>\n<!-- \/ Yoast SEO plugin. -->","yoast_head_json":{"title":"Map - Eventsmtb","robots":{"index":"index","follow":"follow","max-snippet":"max-snippet:-1","max-image-preview":"max-image-preview:large","max-video-preview":"max-video-preview:-1"},"canonical":"https:\/\/eventsmtb.com\/en\/map\/","og_locale":"en_US","og_type":"article","og_title":"Map - Eventsmtb","og_description":"Results Map Toggle Filters Select CategoryBMXDownhillEnduroEventos \/ PasseiosOrienta\u00e7\u00e3o em BTTOrienta\u00e7\u00e3o por GPSXC \/ Maratonas All TimeTodayTomorrowThis WeekThis WeekendNext WeekNext Month Radius: 50km Sort ByNearestNewest FirstOldest FirstStart DateEnd DateA-ZZ-A","og_url":"https:\/\/eventsmtb.com\/en\/map\/","og_site_name":"Eventsmtb","article_modified_time":"2024-07-23T16:09:12+00:00","twitter_card":"summary_large_image","schema":{"@context":"https:\/\/schema.org","@graph":[{"@type":"WebPage","@id":"https:\/\/eventsmtb.com\/en\/map\/","url":"https:\/\/eventsmtb.com\/en\/map\/","name":"Map - Eventsmtb","isPartOf":{"@id":"https:\/\/eventsmtb.com\/en\/#website"},"datePublished":"2022-09-02T11:27:01+00:00","dateModified":"2024-07-23T16:09:12+00:00","breadcrumb":{"@id":"https:\/\/eventsmtb.com\/en\/map\/#breadcrumb"},"inLanguage":"en-US","potentialAction":[{"@type":"ReadAction","target":["https:\/\/eventsmtb.com\/en\/map\/"]}]},{"@type":"BreadcrumbList","@id":"https:\/\/eventsmtb.com\/en\/map\/#breadcrumb","itemListElement":[{"@type":"ListItem","position":1,"name":"In\u00edcio","item":"https:\/\/eventsmtb.com\/en\/home\/"},{"@type":"ListItem","position":2,"name":"Map"}]},{"@type":"WebSite","@id":"https:\/\/eventsmtb.com\/en\/#website","url":"https:\/\/eventsmtb.com\/en\/","name":"Eventsmtb","description":"","potentialAction":[{"@type":"SearchAction","target":{"@type":"EntryPoint","urlTemplate":"https:\/\/eventsmtb.com\/en\/?s={search_term_string}"},"query-input":{"@type":"PropertyValueSpecification","valueRequired":true,"valueName":"search_term_string"}}],"inLanguage":"en-US"}]}},"_links":{"self":[{"href":"https:\/\/eventsmtb.com\/en\/wp-json\/wp\/v2\/pages\/3483","targetHints":{"allow":["GET"]}}],"collection":[{"href":"https:\/\/eventsmtb.com\/en\/wp-json\/wp\/v2\/pages"}],"about":[{"href":"https:\/\/eventsmtb.com\/en\/wp-json\/wp\/v2\/types\/page"}],"author":[{"embeddable":true,"href":"https:\/\/eventsmtb.com\/en\/wp-json\/wp\/v2\/users\/1"}],"replies":[{"embeddable":true,"href":"https:\/\/eventsmtb.com\/en\/wp-json\/wp\/v2\/comments?post=3483"}],"version-history":[{"count":1,"href":"https:\/\/eventsmtb.com\/en\/wp-json\/wp\/v2\/pages\/3483\/revisions"}],"predecessor-version":[{"id":3484,"href":"https:\/\/eventsmtb.com\/en\/wp-json\/wp\/v2\/pages\/3483\/revisions\/3484"}],"wp:attachment":[{"href":"https:\/\/eventsmtb.com\/en\/wp-json\/wp\/v2\/media?parent=3483"}],"curies":[{"name":"wp","href":"https:\/\/api.w.org\/{rel}","templated":true}]}}